{"id":5708,"date":"2021-12-13T12:19:48","date_gmt":"2021-12-13T12:19:48","guid":{"rendered":"https:\/\/www.projectliberty.org\/?page_id=5708"},"modified":"2021-12-14T09:10:15","modified_gmt":"2021-12-14T09:10:15","slug":"ken-salzberg","status":"publish","type":"page","link":"https:\/\/www.projectliberty.org\/de\/autor\/ken-salzberg\/","title":{"rendered":"Ken Salzberg"},"content":{"rendered":"\t\t<div data-elementor-type=\"wp-page\" data-elementor-id=\"5708\" class=\"elementor elementor-5708\">\n\t\t\t\t\t\t<section class=\"elementor-section elementor-top-section elementor-element elementor-element-f29969e elementor-section-boxed elementor-section-height-default elementor-section-height-default\" data-id=\"f29969e\" data-element_type=\"section\">\n\t\t\t\t\t\t<div class=\"elementor-container elementor-column-gap-default\">\n\t\t\t\t\t<div class=\"elementor-column elementor-col-100 elementor-top-column elementor-element elementor-element-52b6114\" data-id=\"52b6114\" data-element_type=\"column\">\n\t\t\t<div class=\"elementor-widget-wrap elementor-element-populated\">\n\t\t\t\t\t\t<div class=\"elementor-element elementor-element-54ac682 elementor-widget elementor-widget-text-editor\" data-id=\"54ac682\" data-element_type=\"widget\" data-widget_type=\"text-editor.default\">\n\t\t\t\t<div class=\"elementor-widget-container\">\n\t\t\t\t\t\t\t\t\t<h2>Biografie<\/h2><hr \/><p style=\"text-align: center;\"><span class=\"td_text_highlight_marker_yellow td_text_highlight_marker\"><strong>2005-2011<\/strong><\/span><\/p><p style=\"text-align: center;\">Technischer Marketingmanager<\/p><hr \/><p style=\"text-align: center;\"><span class=\"td_text_highlight_marker_yellow td_text_highlight_marker\"><strong>2012-2017<\/strong><\/span><\/p><p style=\"text-align: center;\">Leiter f\u00fcr Unternehmensentwicklung<\/p><hr \/><p style=\"text-align: center;\"><span class=\"td_text_highlight_marker_yellow td_text_highlight_marker\"><strong>2018-heute<\/strong><\/span><\/p><p style=\"text-align: center;\">Direktor f\u00fcr Technologiemanagement und Gesch\u00e4ftsentwicklung<\/p>\t\t\t\t\t\t\t\t<\/div>\n\t\t\t\t<\/div>\n\t\t\t\t<div class=\"elementor-element elementor-element-69e25db elementor-widget-divider--separator-type-pattern elementor-widget-divider--no-spacing elementor-widget-divider--view-line elementor-widget elementor-widget-divider\" data-id=\"69e25db\" data-element_type=\"widget\" data-widget_type=\"divider.default\">\n\t\t\t\t<div class=\"elementor-widget-container\">\n\t\t\t\t\t\t\t<div class=\"elementor-divider\" style=\"--divider-pattern-url: url(&quot;data:image\/svg+xml,%3Csvg xmlns=&#039;http:\/\/www.w3.org\/2000\/svg&#039; preserveAspectRatio=&#039;xMidYMid meet&#039; overflow=&#039;visible&#039; height=&#039;100%&#039; viewBox=&#039;0 0 120 26&#039; fill=&#039;black&#039; stroke=&#039;none&#039;%3E%3Cpath d=&#039;M54,1.6V26h-9V2.5L54,1.6z M69,1.6v23.3L60,26V1.6H69z M24,1.6v23.5l-9-0.6V1.6H24z M30,0l9,0.7v24.5h-9V0z M9,2.5v22H0V3.7L9,2.5z M75,1.6l9,0.9v22h-9V1.6z M99,2.7v21.7h-9V3.8L99,2.7z M114,3.8v20.7l-9-0.5V3.8L114,3.8z&#039;\/%3E%3C\/svg%3E&quot;);\">\n\t\t\t<span class=\"elementor-divider-separator\">\n\t\t\t\t\t\t<\/span>\n\t\t<\/div>\n\t\t\t\t\t\t<\/div>\n\t\t\t\t<\/div>\n\t\t\t\t<section class=\"elementor-section elementor-inner-section elementor-element elementor-element-854c867 elementor-section-boxed elementor-section-height-default elementor-section-height-default\" data-id=\"854c867\" data-element_type=\"section\">\n\t\t\t\t\t\t<div class=\"elementor-container elementor-column-gap-default\">\n\t\t\t\t\t<div class=\"elementor-column elementor-col-50 elementor-inner-column elementor-element elementor-element-45d5059\" data-id=\"45d5059\" data-element_type=\"column\">\n\t\t\t<div class=\"elementor-widget-wrap elementor-element-populated\">\n\t\t\t\t\t\t<div class=\"elementor-element elementor-element-fbba6cf elementor-widget elementor-widget-text-editor\" data-id=\"fbba6cf\" data-element_type=\"widget\" data-widget_type=\"text-editor.default\">\n\t\t\t\t<div class=\"elementor-widget-container\">\n\t\t\t\t\t\t\t\t\t<p>Ken Salzberg ist Direktor f\u00fcr Technologiemanagement und Gesch\u00e4ftsentwicklung. Er ist verantwortlich f\u00fcr die strategische Ausrichtung der von uns getesteten Produkte, sowie von Mobil-, Heim- und Unternehmensger\u00e4ten. Zu Kens Schwerpunkten geh\u00f6ren Produktanalysen und die konvergierte Kommunikation mit Computern, das Internet und das intelligente Zuhause.\u00a0<\/p>\t\t\t\t\t\t\t\t<\/div>\n\t\t\t\t<\/div>\n\t\t\t\t\t<\/div>\n\t\t<\/div>\n\t\t\t\t<div class=\"elementor-column elementor-col-50 elementor-inner-column elementor-element elementor-element-eeb2a57\" data-id=\"eeb2a57\" data-element_type=\"column\">\n\t\t\t<div class=\"elementor-widget-wrap elementor-element-populated\">\n\t\t\t\t\t\t<div class=\"elementor-element elementor-element-5a668eb elementor-widget elementor-widget-image\" data-id=\"5a668eb\" data-element_type=\"widget\" data-widget_type=\"image.default\">\n\t\t\t\t<div class=\"elementor-widget-container\">\n\t\t\t\t\t\t\t\t\t\t\t\t\t\t\t<img decoding=\"async\" width=\"150\" height=\"150\" src=\"https:\/\/www.projectliberty.org\/wp-content\/uploads\/2021\/12\/Ken-Salzberg-150x150.jpeg\" class=\"attachment-thumbnail size-thumbnail wp-image-5517\" alt=\"Ken Salzberg\" srcset=\"https:\/\/www.projectliberty.org\/wp-content\/uploads\/2021\/12\/Ken-Salzberg-150x150.jpeg 150w, https:\/\/www.projectliberty.org\/wp-content\/uploads\/2021\/12\/Ken-Salzberg-300x300.jpeg 300w, https:\/\/www.projectliberty.org\/wp-content\/uploads\/2021\/12\/Ken-Salzberg-768x768.jpeg 768w, https:\/\/www.projectliberty.org\/wp-content\/uploads\/2021\/12\/Ken-Salzberg-696x696.jpeg 696w, https:\/\/www.projectliberty.org\/wp-content\/uploads\/2021\/12\/Ken-Salzberg-420x420.jpeg 420w, https:\/\/www.projectliberty.org\/wp-content\/uploads\/2021\/12\/Ken-Salzberg.jpeg 1024w\" sizes=\"(max-width: 150px) 100vw, 150px\" \/>\t\t\t\t\t\t\t\t\t\t\t\t\t\t\t<\/div>\n\t\t\t\t<\/div>\n\t\t\t\t<div class=\"elementor-element elementor-element-bd9d929 elementor-shape-square elementor-grid-0 e-grid-align-center elementor-widget elementor-widget-social-icons\" data-id=\"bd9d929\" data-element_type=\"widget\" data-widget_type=\"social-icons.default\">\n\t\t\t\t<div class=\"elementor-widget-container\">\n\t\t\t\t\t\t\t<div class=\"elementor-social-icons-wrapper elementor-grid\">\n\t\t\t\t\t\t\t<span class=\"elementor-grid-item\">\n\t\t\t\t\t<a class=\"elementor-icon elementor-social-icon elementor-social-icon-linkedin elementor-repeater-item-e9074f4\" href=\"https:\/\/www.linkedin.com\/in\/ken-salzberg-8a1174228\/\" target=\"_blank\" rel=\"nofollow\">\n\t\t\t\t\t\t<span class=\"elementor-screen-only\">Linkedin<\/span>\n\t\t\t\t\t\t<i class=\"fab fa-linkedin\"><\/i>\t\t\t\t\t<\/a>\n\t\t\t\t<\/span>\n\t\t\t\t\t<\/div>\n\t\t\t\t\t\t<\/div>\n\t\t\t\t<\/div>\n\t\t\t\t\t<\/div>\n\t\t<\/div>\n\t\t\t\t\t<\/div>\n\t\t<\/section>\n\t\t\t\t<div class=\"elementor-element elementor-element-91008a1 elementor-widget elementor-widget-text-editor\" data-id=\"91008a1\" data-element_type=\"widget\" data-widget_type=\"text-editor.default\">\n\t\t\t\t<div class=\"elementor-widget-container\">\n\t\t\t\t\t\t\t\t\t<p>Dar\u00fcber hinaus arbeitet Herr Salzberg als technischer Marketingmanager, wo er ein Team bei der Entwicklung von Prozessen und Regelungen f\u00fcr unsere Testberichte leitet und auf dem neuesten Stand h\u00e4lt.<\/p>\t\t\t\t\t\t\t\t<\/div>\n\t\t\t\t<\/div>\n\t\t\t\t\t<\/div>\n\t\t<\/div>\n\t\t\t\t\t<\/div>\n\t\t<\/section>\n\t\t\t\t<\/div>\n\t\t","protected":false},"excerpt":{"rendered":"<p>Biografie 2005-2011 Technischer Marketingmanager 2012-2017 Leiter f\u00fcr Unternehmensentwicklung 2018-heute Direktor f\u00fcr Technologiemanagement und Gesch\u00e4ftsentwicklung Ken Salzberg ist Direktor f\u00fcr Technologiemanagement und Gesch\u00e4ftsentwicklung. Er ist verantwortlich f\u00fcr die strategische Ausrichtung der von uns getesteten Produkte, sowie von Mobil-, Heim- und Unternehmensger\u00e4ten. Zu Kens Schwerpunkten geh\u00f6ren Produktanalysen und die konvergierte Kommunikation mit Computern, das Internet und das [&hellip;]<\/p>\n","protected":false},"author":1,"featured_media":0,"parent":0,"menu_order":0,"comment_status":"closed","ping_status":"closed","template":"","meta":{"footnotes":""},"class_list":["post-5708","page","type-page","status-publish"],"yoast_head":"<!-- This site is optimized with the Yoast SEO plugin v25.3.1 - https:\/\/yoast.com\/wordpress\/plugins\/seo\/ -->\n<title>Ken Salzberg - The Website of Informations<\/title>\n<meta name=\"robots\" content=\"index, follow, max-snippet:-1, max-image-preview:large, max-video-preview:-1\" \/>\n<link rel=\"canonical\" href=\"https:\/\/www.projectliberty.org\/de\/autor\/ken-salzberg\/\" \/>\n<meta property=\"og:locale\" content=\"de_DE\" \/>\n<meta property=\"og:type\" content=\"article\" \/>\n<meta property=\"og:title\" content=\"Ken Salzberg - The Website of Informations\" \/>\n<meta property=\"og:description\" content=\"Biografie 2005-2011 Technischer Marketingmanager 2012-2017 Leiter f\u00fcr Unternehmensentwicklung 2018-heute Direktor f\u00fcr Technologiemanagement und Gesch\u00e4ftsentwicklung Ken Salzberg ist Direktor f\u00fcr Technologiemanagement und Gesch\u00e4ftsentwicklung. Er ist verantwortlich f\u00fcr die strategische Ausrichtung der von uns getesteten Produkte, sowie von Mobil-, Heim- und Unternehmensger\u00e4ten. Zu Kens Schwerpunkten geh\u00f6ren Produktanalysen und die konvergierte Kommunikation mit Computern, das Internet und das [&hellip;]\" \/>\n<meta property=\"og:url\" content=\"https:\/\/www.projectliberty.org\/de\/autor\/ken-salzberg\/\" \/>\n<meta property=\"og:site_name\" content=\"The Website of Informations\" \/>\n<meta property=\"article:modified_time\" content=\"2021-12-14T09:10:15+00:00\" \/>\n<meta property=\"og:image\" content=\"https:\/\/www.projectliberty.org\/wp-content\/uploads\/2021\/12\/Ken-Salzberg-150x150.jpeg\" \/>\n<meta name=\"twitter:card\" content=\"summary_large_image\" \/>\n<meta name=\"twitter:label1\" content=\"Gesch\u00e4tzte Lesezeit\" \/>\n\t<meta name=\"twitter:data1\" content=\"1\u00a0Minute\" \/>\n<script type=\"application\/ld+json\" class=\"yoast-schema-graph\">{\"@context\":\"https:\/\/schema.org\",\"@graph\":[{\"@type\":\"WebPage\",\"@id\":\"https:\/\/www.projectliberty.org\/de\/autor\/ken-salzberg\/\",\"url\":\"https:\/\/www.projectliberty.org\/de\/autor\/ken-salzberg\/\",\"name\":\"Ken Salzberg - The Website of Informations\",\"isPartOf\":{\"@id\":\"https:\/\/www.projectliberty.org\/#website\"},\"primaryImageOfPage\":{\"@id\":\"https:\/\/www.projectliberty.org\/de\/autor\/ken-salzberg\/#primaryimage\"},\"image\":{\"@id\":\"https:\/\/www.projectliberty.org\/de\/autor\/ken-salzberg\/#primaryimage\"},\"thumbnailUrl\":\"https:\/\/www.projectliberty.org\/wp-content\/uploads\/2021\/12\/Ken-Salzberg-150x150.jpeg\",\"datePublished\":\"2021-12-13T12:19:48+00:00\",\"dateModified\":\"2021-12-14T09:10:15+00:00\",\"breadcrumb\":{\"@id\":\"https:\/\/www.projectliberty.org\/de\/autor\/ken-salzberg\/#breadcrumb\"},\"inLanguage\":\"de\",\"potentialAction\":[{\"@type\":\"ReadAction\",\"target\":[\"https:\/\/www.projectliberty.org\/de\/autor\/ken-salzberg\/\"]}]},{\"@type\":\"ImageObject\",\"inLanguage\":\"de\",\"@id\":\"https:\/\/www.projectliberty.org\/de\/autor\/ken-salzberg\/#primaryimage\",\"url\":\"https:\/\/www.projectliberty.org\/wp-content\/uploads\/2021\/12\/Ken-Salzberg-150x150.jpeg\",\"contentUrl\":\"https:\/\/www.projectliberty.org\/wp-content\/uploads\/2021\/12\/Ken-Salzberg-150x150.jpeg\"},{\"@type\":\"BreadcrumbList\",\"@id\":\"https:\/\/www.projectliberty.org\/de\/autor\/ken-salzberg\/#breadcrumb\",\"itemListElement\":[{\"@type\":\"ListItem\",\"position\":1,\"name\":\"Home\",\"item\":\"https:\/\/www.projectliberty.org\/\"},{\"@type\":\"ListItem\",\"position\":2,\"name\":\"Ken Salzberg\"}]},{\"@type\":\"WebSite\",\"@id\":\"https:\/\/www.projectliberty.org\/#website\",\"url\":\"https:\/\/www.projectliberty.org\/\",\"name\":\"The Website of Informations\",\"description\":\"Just another WordPress site\",\"potentialAction\":[{\"@type\":\"SearchAction\",\"target\":{\"@type\":\"EntryPoint\",\"urlTemplate\":\"https:\/\/www.projectliberty.org\/?s={search_term_string}\"},\"query-input\":{\"@type\":\"PropertyValueSpecification\",\"valueRequired\":true,\"valueName\":\"search_term_string\"}}],\"inLanguage\":\"de\"}]}<\/script>\n<!-- \/ Yoast SEO plugin. -->","yoast_head_json":{"title":"Ken Salzberg - The Website of Informations","robots":{"index":"index","follow":"follow","max-snippet":"max-snippet:-1","max-image-preview":"max-image-preview:large","max-video-preview":"max-video-preview:-1"},"canonical":"https:\/\/www.projectliberty.org\/de\/autor\/ken-salzberg\/","og_locale":"de_DE","og_type":"article","og_title":"Ken Salzberg - The Website of Informations","og_description":"Biografie 2005-2011 Technischer Marketingmanager 2012-2017 Leiter f\u00fcr Unternehmensentwicklung 2018-heute Direktor f\u00fcr Technologiemanagement und Gesch\u00e4ftsentwicklung Ken Salzberg ist Direktor f\u00fcr Technologiemanagement und Gesch\u00e4ftsentwicklung. Er ist verantwortlich f\u00fcr die strategische Ausrichtung der von uns getesteten Produkte, sowie von Mobil-, Heim- und Unternehmensger\u00e4ten. Zu Kens Schwerpunkten geh\u00f6ren Produktanalysen und die konvergierte Kommunikation mit Computern, das Internet und das [&hellip;]","og_url":"https:\/\/www.projectliberty.org\/de\/autor\/ken-salzberg\/","og_site_name":"The Website of Informations","article_modified_time":"2021-12-14T09:10:15+00:00","og_image":[{"url":"https:\/\/www.projectliberty.org\/wp-content\/uploads\/2021\/12\/Ken-Salzberg-150x150.jpeg","type":"","width":"","height":""}],"twitter_card":"summary_large_image","twitter_misc":{"Gesch\u00e4tzte Lesezeit":"1\u00a0Minute"},"schema":{"@context":"https:\/\/schema.org","@graph":[{"@type":"WebPage","@id":"https:\/\/www.projectliberty.org\/de\/autor\/ken-salzberg\/","url":"https:\/\/www.projectliberty.org\/de\/autor\/ken-salzberg\/","name":"Ken Salzberg - The Website of Informations","isPartOf":{"@id":"https:\/\/www.projectliberty.org\/#website"},"primaryImageOfPage":{"@id":"https:\/\/www.projectliberty.org\/de\/autor\/ken-salzberg\/#primaryimage"},"image":{"@id":"https:\/\/www.projectliberty.org\/de\/autor\/ken-salzberg\/#primaryimage"},"thumbnailUrl":"https:\/\/www.projectliberty.org\/wp-content\/uploads\/2021\/12\/Ken-Salzberg-150x150.jpeg","datePublished":"2021-12-13T12:19:48+00:00","dateModified":"2021-12-14T09:10:15+00:00","breadcrumb":{"@id":"https:\/\/www.projectliberty.org\/de\/autor\/ken-salzberg\/#breadcrumb"},"inLanguage":"de","potentialAction":[{"@type":"ReadAction","target":["https:\/\/www.projectliberty.org\/de\/autor\/ken-salzberg\/"]}]},{"@type":"ImageObject","inLanguage":"de","@id":"https:\/\/www.projectliberty.org\/de\/autor\/ken-salzberg\/#primaryimage","url":"https:\/\/www.projectliberty.org\/wp-content\/uploads\/2021\/12\/Ken-Salzberg-150x150.jpeg","contentUrl":"https:\/\/www.projectliberty.org\/wp-content\/uploads\/2021\/12\/Ken-Salzberg-150x150.jpeg"},{"@type":"BreadcrumbList","@id":"https:\/\/www.projectliberty.org\/de\/autor\/ken-salzberg\/#breadcrumb","itemListElement":[{"@type":"ListItem","position":1,"name":"Home","item":"https:\/\/www.projectliberty.org\/"},{"@type":"ListItem","position":2,"name":"Ken Salzberg"}]},{"@type":"WebSite","@id":"https:\/\/www.projectliberty.org\/#website","url":"https:\/\/www.projectliberty.org\/","name":"The Website of Informations","description":"Just another WordPress site","potentialAction":[{"@type":"SearchAction","target":{"@type":"EntryPoint","urlTemplate":"https:\/\/www.projectliberty.org\/?s={search_term_string}"},"query-input":{"@type":"PropertyValueSpecification","valueRequired":true,"valueName":"search_term_string"}}],"inLanguage":"de"}]}},"_links":{"self":[{"href":"https:\/\/www.projectliberty.org\/de\/wp-json\/wp\/v2\/pages\/5708","targetHints":{"allow":["GET"]}}],"collection":[{"href":"https:\/\/www.projectliberty.org\/de\/wp-json\/wp\/v2\/pages"}],"about":[{"href":"https:\/\/www.projectliberty.org\/de\/wp-json\/wp\/v2\/types\/page"}],"author":[{"embeddable":true,"href":"https:\/\/www.projectliberty.org\/de\/wp-json\/wp\/v2\/users\/1"}],"replies":[{"embeddable":true,"href":"https:\/\/www.projectliberty.org\/de\/wp-json\/wp\/v2\/comments?post=5708"}],"version-history":[{"count":0,"href":"https:\/\/www.projectliberty.org\/de\/wp-json\/wp\/v2\/pages\/5708\/revisions"}],"wp:attachment":[{"href":"https:\/\/www.projectliberty.org\/de\/wp-json\/wp\/v2\/media?parent=5708"}],"curies":[{"name":"wp","href":"https:\/\/api.w.org\/{rel}","templated":true}]}}